{"id":881,"date":"2023-01-02T14:40:50","date_gmt":"2023-01-02T18:40:50","guid":{"rendered":"https:\/\/launionsantaana.gob.ec\/manabi\/?page_id=881"},"modified":"2024-01-15T17:10:02","modified_gmt":"2024-01-15T21:10:02","slug":"rendicion-de-cuentas-2023","status":"publish","type":"page","link":"https:\/\/launionsantaana.gob.ec\/manabi\/rendicion-de-cuentas-2023\/","title":{"rendered":"Rendici\u00f3n de Cuentas 2023"},"content":{"rendered":"<p><a href=\"https:\/\/launionsantaana.gob.ec\/manabi\/wp-content\/uploads\/2024\/01\/CERTIFICADO-DE-PRESENTACION-DE-INFORME-ANUAL-CUMPLIMIENTO-ART.-12-DE-LA-LOTAIP-ANO-2022.pdf\">CERTIFICADO DE PRESENTACI\u00d3N DE INFORME ANUAL CUMPLIMIENTO ART. 12 DE LA LOTAIP A\u00d1O 2022<\/a><\/p>\n<p><a href=\"https:\/\/launionsantaana.gob.ec\/manabi\/wp-content\/uploads\/2024\/01\/INFORME-DE-RENDICION-DE-CUENTAS-PERIODO-2022.pdf\">INFORME DE RENDICI\u00d3N DE CUENTAS PERIODO 2022<\/a><\/p>\n","protected":false},"excerpt":{"rendered":"<p>CERTIFICADO DE PRESENTACI\u00d3N DE INFORME ANUAL CUMPLIMIENTO ART. 12 DE LA LOTAIP A\u00d1O 2022 INFORME DE RENDICI\u00d3N DE CUENTAS PERIODO 2022<\/p>\n","protected":false},"author":4,"featured_media":0,"parent":0,"menu_order":0,"comment_status":"closed","ping_status":"closed","template":"","meta":{"footnotes":""},"yst_prominent_words":[],"class_list":["post-881","page","type-page","status-publish","hentry","post"],"_links":{"self":[{"href":"https:\/\/launionsantaana.gob.ec\/manabi\/wp-json\/wp\/v2\/pages\/881","targetHints":{"allow":["GET"]}}],"collection":[{"href":"https:\/\/launionsantaana.gob.ec\/manabi\/wp-json\/wp\/v2\/pages"}],"about":[{"href":"https:\/\/launionsantaana.gob.ec\/manabi\/wp-json\/wp\/v2\/types\/page"}],"author":[{"embeddable":true,"href":"https:\/\/launionsantaana.gob.ec\/manabi\/wp-json\/wp\/v2\/users\/4"}],"replies":[{"embeddable":true,"href":"https:\/\/launionsantaana.gob.ec\/manabi\/wp-json\/wp\/v2\/comments?post=881"}],"version-history":[{"count":4,"href":"https:\/\/launionsantaana.gob.ec\/manabi\/wp-json\/wp\/v2\/pages\/881\/revisions"}],"predecessor-version":[{"id":1013,"href":"https:\/\/launionsantaana.gob.ec\/manabi\/wp-json\/wp\/v2\/pages\/881\/revisions\/1013"}],"wp:attachment":[{"href":"https:\/\/launionsantaana.gob.ec\/manabi\/wp-json\/wp\/v2\/media?parent=881"}],"wp:term":[{"taxonomy":"yst_prominent_words","embeddable":true,"href":"https:\/\/launionsantaana.gob.ec\/manabi\/wp-json\/wp\/v2\/yst_prominent_words?post=881"}],"curies":[{"name":"wp","href":"https:\/\/api.w.org\/{rel}","templated":true}]}}