{"id":1905,"date":"2025-01-05T18:16:52","date_gmt":"2025-01-05T18:16:52","guid":{"rendered":"https:\/\/launionsantaana.gob.ec\/manabi\/?page_id=1905"},"modified":"2025-08-13T15:02:23","modified_gmt":"2025-08-13T19:02:23","slug":"rendicion-de-cuentas-2025","status":"publish","type":"page","link":"https:\/\/launionsantaana.gob.ec\/manabi\/rendicion-de-cuentas-2025\/","title":{"rendered":"Rendici\u00f3n de Cuentas 2025"},"content":{"rendered":"<p><strong>Proceso de Rendici\u00f3n de Cuentas\u00a0<\/strong><strong>A\u00d1O 2024<\/strong><\/p>\n<p>La Rendici\u00f3n de Cuentas es un proceso de di\u00e1logo e interrelaci\u00f3n entre autoridades y ciudadan\u00eda para informar y poner en su consideraci\u00f3n las acciones, proyectos y resultados de la gesti\u00f3n p\u00fablica.<\/p>\n<p><span style=\"font-size: 14pt;\"><strong>FASE 1&#8211;<\/strong><\/span><strong>PLANIFICACI\u00d3N Y FACILITACI\u00d3N DESDE LA ASAMBLEA LOCAL CIUDADANA DEL PROCESO DE RC 2024.<\/strong><\/p>\n<p><strong>PLAN DE DESARROLLO Y ORDENAMIENTO TERRITORIAL<\/strong><\/p>\n<p><a href=\"https:\/\/launionsantaana.gob.ec\/manabi\/wp-content\/uploads\/2025\/08\/PDYOT-LA-UNION-2019-2023_compressed-1.pdf\">PDYOT LA UNI\u00d3N 2019-2023_compressed (1)<\/a><\/p>\n<p><strong>POA 2024<\/strong><\/p>\n<p><a href=\"https:\/\/launionsantaana.gob.ec\/manabi\/wp-content\/uploads\/2025\/08\/POA-2024ok.pdf\">POA 2024ok<\/a><\/p>\n<p><strong>CEDULA PRESUPUESTARIA DE INGRESOS<\/strong><\/p>\n<p><a href=\"https:\/\/launionsantaana.gob.ec\/manabi\/wp-content\/uploads\/2025\/08\/cedula-de-ingresos-signed-signed.pdf\">cedula de ingresos-signed-signed<\/a><\/p>\n<p><strong>CEDULA PRESUPUESTARIA DE GASTOS<\/strong><\/p>\n<p><a href=\"https:\/\/launionsantaana.gob.ec\/manabi\/wp-content\/uploads\/2025\/08\/cedula-de-gastos-signed-signed.pdf\">cedula de gastos-signed-signed<\/a><\/p>\n<p><strong>LISTADO DE PROCESOS DE CONTRATACION<\/strong><\/p>\n<p><a href=\"https:\/\/launionsantaana.gob.ec\/manabi\/wp-content\/uploads\/2025\/07\/PROCESOS-DE-CONTRATACION-2.pdf\">PROCESOS DE CONTRATACION<\/a><\/p>\n<p><strong>HOJA DE RUTA<\/strong><\/p>\n<p><a href=\"https:\/\/launionsantaana.gob.ec\/manabi\/wp-content\/uploads\/2025\/08\/HOJA-DE-RUTA-RC-2024.pdf\">HOJA DE RUTA RC 2024<\/a><\/p>\n<p><strong>ACTA DE CONFORMACION DEL EQUIPO TECNICO INSTITUCIONAL -RENDICION DE CUENTAS<\/strong><\/p>\n<p><a href=\"https:\/\/launionsantaana.gob.ec\/manabi\/wp-content\/uploads\/2025\/08\/ACTA-DE-CONFORMACION-DE-EQUIPO-TECNICO-RC-2024.pdf\">ACTA DE CONFORMACION DE EQUIPO TECNICO RC 2024<\/a><\/p>\n<p><strong>RESOLUCION DE CONFORMACION DEL EQUIPO TECNICO INSTITUCIONAL -RENDICION DE CUENTAS<\/strong><\/p>\n<p><a href=\"https:\/\/launionsantaana.gob.ec\/manabi\/wp-content\/uploads\/2025\/08\/RESOLUCION-CONFORMACION-DE-EQUIPO-TECNICO-RC-2024.pdf\">RESOLUCION CONFORMACION DE EQUIPO TECNICO RC 2024<\/a><\/p>\n<p><strong>ACTA DE CONFOMACION DE COMISION MIXTA PARA EL PROCESO DE RENDICION DE CUENTAS<\/strong><\/p>\n<p><a href=\"https:\/\/launionsantaana.gob.ec\/manabi\/wp-content\/uploads\/2025\/08\/ACTA-DE-CONFORMACION-DE-COMISION-MIXTA-RC-2024.pdf\">ACTA DE CONFORMACION DE COMISION MIXTA RC 2024<\/a><\/p>\n<p><strong>LISTADO DE CONSULTAS CUIDADANAS<\/strong><\/p>\n<p><a href=\"https:\/\/launionsantaana.gob.ec\/manabi\/wp-content\/uploads\/2025\/08\/CONSULTAS-CIUDADANA-RC-2024.pdf\">CONSULTAS CIUDADANA RC 2024<\/a><\/p>\n<p><strong><span style=\"font-size: 14pt;\">FASE 2 &#8211;<\/span>EVALUACI\u00d3N DE LA GESTI\u00d3N Y ELABORACI\u00d3N\u00a0DEL INFORME.<\/strong><\/p>\n<p><strong>ENTREGA DE LAS PREGUNTAS CON SUS RESPECTIVAS RESPUESTAS\u00a0<\/strong><\/p>\n<p><strong><a href=\"https:\/\/launionsantaana.gob.ec\/manabi\/wp-content\/uploads\/2025\/08\/ENTREGA-DE-PREGUNTAS-CON-RESPUESTAS.pdf\">ENTREGA DE PREGUNTAS CON RESPUESTAS<\/a><\/strong><\/p>\n<p><strong>A<\/strong><strong>CTA DE MESA DE TRABAJO EQUIPO TECNICO DE RENDICION DE CUENTAS\u00a0<\/strong><\/p>\n<p><a href=\"https:\/\/launionsantaana.gob.ec\/manabi\/wp-content\/uploads\/2025\/08\/ACTA-DE-MESA-DE-TRABAJO-EQUIPO-MIXTO.pdf\">ACTA DE MESA DE TRABAJO EQUIPO MIXTO<\/a><\/p>\n<p><strong>OFICIO DE ENTREGA DE INFORME DE RENDICION DE CUENTAS\u00a0<\/strong><\/p>\n<p><a href=\"https:\/\/launionsantaana.gob.ec\/manabi\/wp-content\/uploads\/2025\/08\/OFICIO-DE-ENTREGA-DE-INFORME-DE-RC-2024.pdf\">OFICIO DE ENTREGA DE INFORME DE RC 2024<\/a><\/p>\n<p><strong>INFORME NARRATIVO DE RENDICION DE CUENTAS\u00a0<\/strong><\/p>\n<p><a href=\"https:\/\/launionsantaana.gob.ec\/manabi\/wp-content\/uploads\/2025\/08\/INFORME-DE-RC-2024.pdf\">INFORME DE RC 2024<\/a><\/p>\n<p><strong>INFORME DE RENCION DE CUENTAS (EXCEL)<\/strong><\/p>\n<p><strong>OFICIO DE APROBACION DE INFORME DE RENDICION DE CUENTAS\u00a0<\/strong><\/p>\n<p><a href=\"https:\/\/launionsantaana.gob.ec\/manabi\/wp-content\/uploads\/2025\/08\/OFICIO-APROBACION-DE-INFORME-RC-2024.pdf\">OFICIO APROBACION DE INFORME RC 2024<\/a><\/p>\n<p><strong><span style=\"font-size: 14pt;\">FASE 3-<\/span>DELIBERACI\u00d3N P\u00daBLICA Y EVALUACI\u00d3N DE LA\u00a0<\/strong><strong>GESTI\u00d3N.<\/strong><\/p>\n<p><strong>CONVOCATORIA PUBLICA\u00a0<\/strong><\/p>\n<p><img loading=\"lazy\" decoding=\"async\" class=\"aligncenter wp-image-2058 size-medium\" src=\"https:\/\/launionsantaana.gob.ec\/manabi\/wp-content\/uploads\/2025\/08\/Imagen-de-WhatsApp-2025-08-08-a-las-11.42.31_379f75ac-533x800.jpg\" alt=\"\" width=\"533\" height=\"800\" srcset=\"https:\/\/launionsantaana.gob.ec\/manabi\/wp-content\/uploads\/2025\/08\/Imagen-de-WhatsApp-2025-08-08-a-las-11.42.31_379f75ac-533x800.jpg 533w, https:\/\/launionsantaana.gob.ec\/manabi\/wp-content\/uploads\/2025\/08\/Imagen-de-WhatsApp-2025-08-08-a-las-11.42.31_379f75ac-683x1024.jpg 683w, https:\/\/launionsantaana.gob.ec\/manabi\/wp-content\/uploads\/2025\/08\/Imagen-de-WhatsApp-2025-08-08-a-las-11.42.31_379f75ac-768x1152.jpg 768w, https:\/\/launionsantaana.gob.ec\/manabi\/wp-content\/uploads\/2025\/08\/Imagen-de-WhatsApp-2025-08-08-a-las-11.42.31_379f75ac.jpg 1024w\" sizes=\"auto, (max-width: 533px) 100vw, 533px\" \/><\/p>\n<p><strong>CONVOCATORIA MEDIANTE OFICIO<\/strong><\/p>\n<p><a href=\"https:\/\/launionsantaana.gob.ec\/manabi\/wp-content\/uploads\/2025\/08\/CONVOCATORIA-A-DELIBERACION.pdf\">CONVOCATORIA A DELIBERACION<\/a><\/p>\n<p><a href=\"https:\/\/www.facebook.com\/share\/p\/1AvaiUUDQK\/\">CONVOCATORIA EN FACEBOOK<\/a><\/p>\n<p><strong>ACTA DE DELIBERACION PUBLICA\u00a0<\/strong><\/p>\n<p><strong><a href=\"https:\/\/launionsantaana.gob.ec\/manabi\/wp-content\/uploads\/2025\/08\/ACTA-DE-DELIBERACION-PUBLICA.pdf\">ACTA DE DELIBERACION PUBLICA<\/a><\/strong><\/p>\n<p><strong>REGISTRO DE ASISTENCIA DELIBERACION PUBLICA<\/strong><\/p>\n<p><strong><a href=\"https:\/\/launionsantaana.gob.ec\/manabi\/wp-content\/uploads\/2025\/08\/REGISTRO-DE-ASISTENCIAS.pdf\">REGISTRO DE ASISTENCIAS<\/a><\/strong><\/p>\n<p><strong>A<\/strong><strong>CTA DE SUGERENCIAS Y RECOMENDACIONES DEL PROCESO DE RENDICION DE CUENTAS<\/strong><\/p>\n<p><a href=\"https:\/\/launionsantaana.gob.ec\/manabi\/wp-content\/uploads\/2025\/08\/ACTA-DE-SUGERENCIA-DE-LA-CUIDADANIA.pdf\">ACTA DE SUGERENCIA DE LA CUIDADANIA<\/a><\/p>\n<p><strong>FASE 4-\u00a0INCORPORACI\u00d3N DE LA OPINI\u00d3N\u00a0CIUDADANA Y ENTREGA INFORME CPCCS.<\/strong><\/p>\n<p><strong>PLAN DE TRABAJO GAD PARROQUIAL LA UNION-<\/strong><strong>RENDICION DE CUENTAS 2024<\/strong><\/p>\n<p><a href=\"https:\/\/launionsantaana.gob.ec\/manabi\/wp-content\/uploads\/2025\/08\/PLAN-DE-TRABAJO.pdf\">PLAN DE TRABAJO<\/a><\/p>\n<p><strong>OFICIO DE ENTREGA DE PLAN DE TRABAJO GAD PARROQUIAL LA UNION-<\/strong><strong>RENDICION DE CUENTAS 2024<\/strong><\/p>\n<p><a href=\"https:\/\/launionsantaana.gob.ec\/manabi\/wp-content\/uploads\/2025\/08\/OFICIO-DE-ENTREGA-DE-PLAN-DE-TRABAJO.pdf\">OFICIO DE ENTREGA DE PLAN DE TRABAJO<\/a><\/p>\n<p><strong>INFORME DE RENCION DE CUENTAS 2024<\/strong><\/p>\n<p><a href=\"https:\/\/launionsantaana.gob.ec\/manabi\/wp-content\/uploads\/2025\/08\/INFORME-DE-RENDICION-DE-CUENTAS-No-14864.pdf\">INFORME DE RENDICI\u00d3N DE CUENTAS No 14864<\/a><\/p>\n<p>&nbsp;<\/p>\n","protected":false},"excerpt":{"rendered":"<p>Proceso de Rendici\u00f3n de Cuentas\u00a0A\u00d1O 2024 La Rendici\u00f3n de Cuentas es un proceso de di\u00e1logo e interrelaci\u00f3n entre autoridades y ciudadan\u00eda para informar y poner en su consideraci\u00f3n las acciones, proyectos y resultados de la gesti\u00f3n p\u00fablica. FASE 1&#8211;PLANIFICACI\u00d3N Y FACILITACI\u00d3N DESDE LA ASAMBLEA LOCAL CIUDADANA DEL PROCESO DE RC 2024. PLAN DE DESARROLLO Y [&hellip;]<\/p>\n","protected":false},"author":4,"featured_media":0,"parent":0,"menu_order":0,"comment_status":"closed","ping_status":"closed","template":"","meta":{"footnotes":""},"yst_prominent_words":[],"class_list":["post-1905","page","type-page","status-publish","hentry","post"],"_links":{"self":[{"href":"https:\/\/launionsantaana.gob.ec\/manabi\/wp-json\/wp\/v2\/pages\/1905","targetHints":{"allow":["GET"]}}],"collection":[{"href":"https:\/\/launionsantaana.gob.ec\/manabi\/wp-json\/wp\/v2\/pages"}],"about":[{"href":"https:\/\/launionsantaana.gob.ec\/manabi\/wp-json\/wp\/v2\/types\/page"}],"author":[{"embeddable":true,"href":"https:\/\/launionsantaana.gob.ec\/manabi\/wp-json\/wp\/v2\/users\/4"}],"replies":[{"embeddable":true,"href":"https:\/\/launionsantaana.gob.ec\/manabi\/wp-json\/wp\/v2\/comments?post=1905"}],"version-history":[{"count":17,"href":"https:\/\/launionsantaana.gob.ec\/manabi\/wp-json\/wp\/v2\/pages\/1905\/revisions"}],"predecessor-version":[{"id":2079,"href":"https:\/\/launionsantaana.gob.ec\/manabi\/wp-json\/wp\/v2\/pages\/1905\/revisions\/2079"}],"wp:attachment":[{"href":"https:\/\/launionsantaana.gob.ec\/manabi\/wp-json\/wp\/v2\/media?parent=1905"}],"wp:term":[{"taxonomy":"yst_prominent_words","embeddable":true,"href":"https:\/\/launionsantaana.gob.ec\/manabi\/wp-json\/wp\/v2\/yst_prominent_words?post=1905"}],"curies":[{"name":"wp","href":"https:\/\/api.w.org\/{rel}","templated":true}]}}